{"id":1307,"date":"2017-12-13T21:19:56","date_gmt":"2017-12-13T20:19:56","guid":{"rendered":"http:\/\/chris-photos.be\/?page_id=1307"},"modified":"2025-12-07T18:06:54","modified_gmt":"2025-12-07T17:06:54","slug":"cheque-cadeau","status":"publish","type":"page","link":"https:\/\/chris-photos.be\/index.php\/cheque-cadeau\/","title":{"rendered":"Carte cadeau"},"content":{"rendered":"<p>Un cadeau original qui ne manquera pas de faire plaisir !<br \/>A offrir \u00e0 l&rsquo;occasion d&rsquo;un bapt\u00eame, d&rsquo;une naissance, d&rsquo;un anniversaire&#8230;<br \/>Choisissez le type de s\u00e9ance que vous souhaitez ou un montant \u00e0 valoir sur une s\u00e9ance au choix.<br \/>D\u00e8s r\u00e9ception de votre paiement, la carte cadeau vous est envoy\u00e9e par mail en fichier PDF ou par voie postale.<\/p>\n<p>La carte cadeau est valable 6 mois.<\/p>\n\n\n<figure class=\"wp-block-image size-large\"><img loading=\"lazy\" decoding=\"async\" width=\"700\" height=\"320\" src=\"https:\/\/chris-photos.be\/wp-content\/uploads\/2024\/03\/carte-cadeau-700x320.jpg\" alt=\"\" class=\"wp-image-3670\" srcset=\"https:\/\/chris-photos.be\/wp-content\/uploads\/2024\/03\/carte-cadeau-700x320.jpg 700w, https:\/\/chris-photos.be\/wp-content\/uploads\/2024\/03\/carte-cadeau-300x137.jpg 300w, https:\/\/chris-photos.be\/wp-content\/uploads\/2024\/03\/carte-cadeau-768x351.jpg 768w, https:\/\/chris-photos.be\/wp-content\/uploads\/2024\/03\/carte-cadeau.jpg 855w\" sizes=\"auto, (max-width: 700px) 100vw, 700px\" \/><\/figure>\n","protected":false},"excerpt":{"rendered":"<p>Un cadeau original qui ne manquera pas de faire plaisir !A offrir \u00e0 l&rsquo;occasion d&rsquo;un bapt\u00eame, d&rsquo;une naissance, d&rsquo;un anniversaire&#8230;Choisissez le type de s\u00e9ance que vous souhaitez ou un montant \u00e0 valoir sur une s\u00e9ance au choix.D\u00e8s r\u00e9ception de votre paiement, la carte cadeau vous est envoy\u00e9e par mail en [&hellip;]<\/p>\n","protected":false},"author":1,"featured_media":0,"parent":0,"menu_order":0,"comment_status":"closed","ping_status":"closed","template":"template-page-fullwidth.php","meta":{"advanced_seo_description":"","jetpack_seo_html_title":"","jetpack_seo_noindex":false,"footnotes":""},"class_list":["post-1307","page","type-page","status-publish","hentry"],"jetpack_sharing_enabled":true,"_links":{"self":[{"href":"https:\/\/chris-photos.be\/index.php\/wp-json\/wp\/v2\/pages\/1307","targetHints":{"allow":["GET"]}}],"collection":[{"href":"https:\/\/chris-photos.be\/index.php\/wp-json\/wp\/v2\/pages"}],"about":[{"href":"https:\/\/chris-photos.be\/index.php\/wp-json\/wp\/v2\/types\/page"}],"author":[{"embeddable":true,"href":"https:\/\/chris-photos.be\/index.php\/wp-json\/wp\/v2\/users\/1"}],"replies":[{"embeddable":true,"href":"https:\/\/chris-photos.be\/index.php\/wp-json\/wp\/v2\/comments?post=1307"}],"version-history":[{"count":11,"href":"https:\/\/chris-photos.be\/index.php\/wp-json\/wp\/v2\/pages\/1307\/revisions"}],"predecessor-version":[{"id":4211,"href":"https:\/\/chris-photos.be\/index.php\/wp-json\/wp\/v2\/pages\/1307\/revisions\/4211"}],"wp:attachment":[{"href":"https:\/\/chris-photos.be\/index.php\/wp-json\/wp\/v2\/media?parent=1307"}],"curies":[{"name":"wp","href":"https:\/\/api.w.org\/{rel}","templated":true}]}}