{"id":4382,"date":"2025-12-26T23:18:02","date_gmt":"2025-12-26T22:18:02","guid":{"rendered":"https:\/\/chris-photos.be\/?page_id=4382"},"modified":"2026-02-03T16:52:17","modified_gmt":"2026-02-03T15:52:17","slug":"articles","status":"publish","type":"page","link":"https:\/\/chris-photos.be\/index.php\/articles\/","title":{"rendered":"Articles"},"content":{"rendered":"\n<div class=\"wp-block-columns is-layout-flex wp-container-core-columns-is-layout-9d6595d7 wp-block-columns-is-layout-flex\">\n<div class=\"wp-block-column is-layout-flow wp-block-column-is-layout-flow\">\n<figure class=\"wp-block-image size-large\"><a href=\"https:\/\/chris-photos.be\/index.php\/revivez-lemotion-du-spectacle-lipstick-joue-balavoine\/\"><img loading=\"lazy\" decoding=\"async\" width=\"700\" height=\"467\" src=\"https:\/\/chris-photos.be\/wp-content\/uploads\/2026\/01\/9474-SOLMANIA-\u00a9-Christelle-Anceau-700x467.jpg\" alt=\"Lipstick joue Balavoine au Forum de Li\u00e8ge\" class=\"wp-image-4774\" srcset=\"https:\/\/chris-photos.be\/wp-content\/uploads\/2026\/01\/9474-SOLMANIA-\u00a9-Christelle-Anceau-700x467.jpg 700w, https:\/\/chris-photos.be\/wp-content\/uploads\/2026\/01\/9474-SOLMANIA-\u00a9-Christelle-Anceau-300x200.jpg 300w, https:\/\/chris-photos.be\/wp-content\/uploads\/2026\/01\/9474-SOLMANIA-\u00a9-Christelle-Anceau-768x512.jpg 768w, https:\/\/chris-photos.be\/wp-content\/uploads\/2026\/01\/9474-SOLMANIA-\u00a9-Christelle-Anceau.jpg 1500w\" sizes=\"auto, (max-width: 700px) 100vw, 700px\" \/><\/a><\/figure>\n\n\n\n<p><a href=\"https:\/\/chris-photos.be\/index.php\/revivez-lemotion-du-spectacle-lipstick-joue-balavoine\/\"><strong>Revivez l\u2019\u00e9motion du spectacle Lipstick joue Balavoine<\/strong><\/a><br><em>Forum de Li\u00e8ge<\/em><br>Le 11 janvier 2026, le Forum de Li\u00e8ge a accueilli Lipstick joue Balavoine, un spectacle hommage consacr\u00e9 \u00e0 l\u2019univers et \u00e0 l\u2019\u0153uvre de Daniel Balavoine. <em><a href=\"https:\/\/chris-photos.be\/index.php\/revivez-lemotion-du-spectacle-lipstick-joue-balavoine\/\">Lire la suite<\/a><\/em><\/p>\n<\/div>\n\n\n\n<div class=\"wp-block-column is-layout-flow wp-block-column-is-layout-flow\">\n<figure class=\"wp-block-image size-large\"><a href=\"https:\/\/chris-photos.be\/index.php\/retour-sur-abba-gold-the-concert-show-au-forum-de-liege\/\"><img loading=\"lazy\" decoding=\"async\" width=\"700\" height=\"467\" src=\"https:\/\/chris-photos.be\/wp-content\/uploads\/2026\/01\/9597-ABBA-THE-CONCERT-SHOW-WEB-\u00a9-Christelle-Anceau-700x467.jpg\" alt=\"ABBA THE CONCERT SHOW\" class=\"wp-image-4463\" srcset=\"https:\/\/chris-photos.be\/wp-content\/uploads\/2026\/01\/9597-ABBA-THE-CONCERT-SHOW-WEB-\u00a9-Christelle-Anceau-700x467.jpg 700w, https:\/\/chris-photos.be\/wp-content\/uploads\/2026\/01\/9597-ABBA-THE-CONCERT-SHOW-WEB-\u00a9-Christelle-Anceau-300x200.jpg 300w, https:\/\/chris-photos.be\/wp-content\/uploads\/2026\/01\/9597-ABBA-THE-CONCERT-SHOW-WEB-\u00a9-Christelle-Anceau-768x512.jpg 768w, https:\/\/chris-photos.be\/wp-content\/uploads\/2026\/01\/9597-ABBA-THE-CONCERT-SHOW-WEB-\u00a9-Christelle-Anceau-1536x1024.jpg 1536w, https:\/\/chris-photos.be\/wp-content\/uploads\/2026\/01\/9597-ABBA-THE-CONCERT-SHOW-WEB-\u00a9-Christelle-Anceau.jpg 2000w\" sizes=\"auto, (max-width: 700px) 100vw, 700px\" \/><\/a><\/figure>\n\n\n\n<p class=\"has-text-align-left\"><strong><a href=\"https:\/\/chris-photos.be\/index.php\/retour-sur-abba-gold-the-concert-show-au-forum-de-liege\/\">ABBA The Concert Show au Forum de Li\u00e8ge<\/a><\/strong><br>Ce dimanche 3 janvier 2026, le Forum de Li\u00e8ge a voyag\u00e9 dans le temps. Le temps d\u2019une soir\u00e9e, la c\u00e9l\u00e8bre salle s\u2019est par\u00e9e des couleurs et des sonorit\u00e9s disco pour accueillir ABBA GOLD : The Concert Show, un hommage vibrant au mythique groupe pop su\u00e9dois ABBA. D\u00e8s l\u2019ouverture des portes \u2026<em>&nbsp;<a href=\"https:\/\/chris-photos.be\/index.php\/retour-sur-abba-gold-the-concert-show-au-forum-de-liege\/\">Lire la suite<\/a><\/em><\/p>\n<\/div>\n\n\n\n<div class=\"wp-block-column is-layout-flow wp-block-column-is-layout-flow\">\n<figure class=\"wp-block-image size-large\"><a href=\"https:\/\/chris-photos.be\/index.php\/rock-sympho-show-forum-de-liege-18-12-2025\/\"><img loading=\"lazy\" decoding=\"async\" width=\"700\" height=\"467\" src=\"https:\/\/chris-photos.be\/wp-content\/uploads\/2025\/12\/8947-ROCK-SYMPHO-SSHOW-1-700x467.jpg\" alt=\"\" class=\"wp-image-4393\" srcset=\"https:\/\/chris-photos.be\/wp-content\/uploads\/2025\/12\/8947-ROCK-SYMPHO-SSHOW-1-700x467.jpg 700w, https:\/\/chris-photos.be\/wp-content\/uploads\/2025\/12\/8947-ROCK-SYMPHO-SSHOW-1-300x200.jpg 300w, https:\/\/chris-photos.be\/wp-content\/uploads\/2025\/12\/8947-ROCK-SYMPHO-SSHOW-1-768x512.jpg 768w, https:\/\/chris-photos.be\/wp-content\/uploads\/2025\/12\/8947-ROCK-SYMPHO-SSHOW-1-1536x1024.jpg 1536w, https:\/\/chris-photos.be\/wp-content\/uploads\/2025\/12\/8947-ROCK-SYMPHO-SSHOW-1-2048x1365.jpg 2048w\" sizes=\"auto, (max-width: 700px) 100vw, 700px\" \/><\/a><\/figure>\n\n\n\n<p class=\"has-text-align-left\"><strong><a href=\"https:\/\/chris-photos.be\/index.php\/rock-sympho-show-forum-de-liege-18-12-2025\/\">Rock Sympho Show: Fusion explosive de rock et symphonie<\/a><\/strong><br><em>Forum de Li\u00e8ge \u2013 Le 18 d\u00e9cembre 2025<\/em><br>Le Rock Sympho Show combine rock et orchestration symphonique, offrant une exp\u00e9rience musicale dynamique dans une tourn\u00e9e europ\u00e9enne captivante. <a href=\"https:\/\/chris-photos.be\/index.php\/rock-sympho-show-forum-de-liege-18-12-2025\/\"><em>Lire la suite<\/em><\/a><br><\/p>\n<\/div>\n<\/div>\n\n\n\n<div class=\"wp-block-columns is-layout-flex wp-container-core-columns-is-layout-9d6595d7 wp-block-columns-is-layout-flex\">\n<div class=\"wp-block-column is-layout-flow wp-block-column-is-layout-flow\">\n<figure class=\"wp-block-image size-large\"><a href=\"https:\/\/chris-photos.be\/index.php\/christmas-with-elvis-un-noel-inoubliable-au-forum-de-liege\/\"><img loading=\"lazy\" decoding=\"async\" width=\"700\" height=\"467\" src=\"https:\/\/chris-photos.be\/wp-content\/uploads\/2025\/12\/9463-CHRISTMAS-WITH-ELVIS-TRIBUTE-WEB-\u00a9-Christelle-Anceau-1-700x467.jpg\" alt=\"\" class=\"wp-image-4456\" srcset=\"https:\/\/chris-photos.be\/wp-content\/uploads\/2025\/12\/9463-CHRISTMAS-WITH-ELVIS-TRIBUTE-WEB-\u00a9-Christelle-Anceau-1-700x467.jpg 700w, https:\/\/chris-photos.be\/wp-content\/uploads\/2025\/12\/9463-CHRISTMAS-WITH-ELVIS-TRIBUTE-WEB-\u00a9-Christelle-Anceau-1-300x200.jpg 300w, https:\/\/chris-photos.be\/wp-content\/uploads\/2025\/12\/9463-CHRISTMAS-WITH-ELVIS-TRIBUTE-WEB-\u00a9-Christelle-Anceau-1-768x512.jpg 768w, https:\/\/chris-photos.be\/wp-content\/uploads\/2025\/12\/9463-CHRISTMAS-WITH-ELVIS-TRIBUTE-WEB-\u00a9-Christelle-Anceau-1.jpg 1500w\" sizes=\"auto, (max-width: 700px) 100vw, 700px\" \/><\/a><\/figure>\n\n\n\n<p><a href=\"https:\/\/chris-photos.be\/index.php\/christmas-with-elvis-un-noel-inoubliable-au-forum-de-liege\/\"><strong>Christmas with Elvis : un No\u00ebl inoubliable au Forum de Li\u00e8ge<\/strong><\/a><br>Le 27 d\u00e9cembre 2025, le Forum de Li\u00e8ge s\u2019est transform\u00e9 en v\u00e9ritable temple du rock\u2019n\u2019roll et de la magie de No\u00ebl \u00e0 l\u2019occasion du spectacle Christmas with Elvis, port\u00e9 par Steve Ryckier &amp; The Graceland Orchestra, une production sign\u00e9e Show-time.be. Une soir\u00e9e festive, g\u00e9n\u00e9reuse et charg\u00e9e d\u2019\u00e9motion, qui a conquis \u2026&nbsp;<a href=\"https:\/\/chris-photos.be\/index.php\/christmas-with-elvis-un-noel-inoubliable-au-forum-de-liege\/\"><em>Lire la suite<\/em><\/a><\/p>\n<\/div>\n\n\n\n<div class=\"wp-block-column is-layout-flow wp-block-column-is-layout-flow\">\n<figure class=\"wp-block-image size-large\"><img loading=\"lazy\" decoding=\"async\" width=\"700\" height=\"467\" src=\"https:\/\/chris-photos.be\/wp-content\/uploads\/2026\/02\/2905-LE-MAGICIEN-D-OZ-FORUM-DE-LIEGE-WEB-\u00a9-Christelle-Anceau-1-700x467.jpg\" alt=\"\" class=\"wp-image-4865\" srcset=\"https:\/\/chris-photos.be\/wp-content\/uploads\/2026\/02\/2905-LE-MAGICIEN-D-OZ-FORUM-DE-LIEGE-WEB-\u00a9-Christelle-Anceau-1-700x467.jpg 700w, https:\/\/chris-photos.be\/wp-content\/uploads\/2026\/02\/2905-LE-MAGICIEN-D-OZ-FORUM-DE-LIEGE-WEB-\u00a9-Christelle-Anceau-1-300x200.jpg 300w, https:\/\/chris-photos.be\/wp-content\/uploads\/2026\/02\/2905-LE-MAGICIEN-D-OZ-FORUM-DE-LIEGE-WEB-\u00a9-Christelle-Anceau-1-768x512.jpg 768w, https:\/\/chris-photos.be\/wp-content\/uploads\/2026\/02\/2905-LE-MAGICIEN-D-OZ-FORUM-DE-LIEGE-WEB-\u00a9-Christelle-Anceau-1.jpg 1500w\" sizes=\"auto, (max-width: 700px) 100vw, 700px\" \/><\/figure>\n\n\n\n<p id=\"block-62738882-e882-4ca4-8328-644c4b6f8deb\"><strong><a href=\"https:\/\/chris-photos.be\/index.php\/la-magie-doz-a-ensorcele-le-forum-de-liege\/\" data-type=\"post\" data-id=\"4838\">La magie d&rsquo;Oz a ensorcel\u00e9 le Forum de Li\u00e8ge<\/a><\/strong><br>Ce mercredi 28 janvier, le mythique Forum de Li\u00e8ge s\u2019est transform\u00e9 en un chemin de briques jaunes le temps d&rsquo;une repr\u00e9sentation \u00e9tincelante du Magicien d\u2019Oz. Entre nostalgie et modernit\u00e9, la troupe a offert aux Li\u00e9geois un voyage sensoriel qu&rsquo;on n&rsquo;est pas pr\u00eat d&rsquo;oublier.<br><em><a href=\"https:\/\/chris-photos.be\/index.php\/la-magie-doz-a-ensorcele-le-forum-de-liege\/\" data-type=\"post\" data-id=\"4838\">Lire la suite<\/a><\/em><\/p>\n<\/div>\n\n\n\n<div class=\"wp-block-column is-layout-flow wp-block-column-is-layout-flow\"><\/div>\n<\/div>\n\n\n\n<details class=\"wp-block-details is-layout-flow wp-block-details-is-layout-flow\"><summary><\/summary><ul class=\"wp-block-latest-posts__list is-grid columns-3 wp-block-latest-posts\"><li><a class=\"wp-block-latest-posts__post-title\" href=\"https:\/\/chris-photos.be\/index.php\/la-magie-doz-a-ensorcele-le-forum-de-liege\/\">La Magie d\u2019Oz a ensorcel\u00e9 le Forum de Li\u00e8ge !<\/a><\/li>\n<li><a class=\"wp-block-latest-posts__post-title\" href=\"https:\/\/chris-photos.be\/index.php\/revivez-lemotion-du-spectacle-lipstick-joue-balavoine\/\">Revivez l&rsquo;\u00e9motion du spectacle Lipstick joue Balavoine<\/a><\/li>\n<li><a class=\"wp-block-latest-posts__post-title\" href=\"https:\/\/chris-photos.be\/index.php\/retour-sur-abba-gold-the-concert-show-au-forum-de-liege\/\">Retour sur ABBA GOLD : The Concert Show au Forum de Li\u00e8ge<\/a><\/li>\n<li><a class=\"wp-block-latest-posts__post-title\" href=\"https:\/\/chris-photos.be\/index.php\/christmas-with-elvis-un-noel-inoubliable-au-forum-de-liege\/\">Christmas with Elvis : un No\u00ebl inoubliable au Forum de Li\u00e8ge<\/a><\/li>\n<li><a class=\"wp-block-latest-posts__post-title\" href=\"https:\/\/chris-photos.be\/index.php\/rock-sympho-show-forum-de-liege-18-12-2025\/\">Rock Sympho Show: Fusion explosive de rock et symphonie<\/a><\/li>\n<\/ul><\/details>\n\n\n\n<p><\/p>\n","protected":false},"excerpt":{"rendered":"<p>Revivez l\u2019\u00e9motion du spectacle Lipstick joue BalavoineForum de Li\u00e8geLe 11 janvier 2026, le Forum de Li\u00e8ge a accueilli Lipstick joue Balavoine, un spectacle hommage consacr\u00e9 \u00e0 l\u2019univers et \u00e0 l\u2019\u0153uvre de Daniel Balavoine. Lire la suite ABBA The Concert Show au Forum de Li\u00e8geCe dimanche 3 janvier 2026, le Forum [&hellip;]<\/p>\n","protected":false},"author":1,"featured_media":0,"parent":0,"menu_order":0,"comment_status":"closed","ping_status":"closed","template":"template-page-fullwidth.php","meta":{"advanced_seo_description":"","jetpack_seo_html_title":"","jetpack_seo_noindex":false,"footnotes":""},"class_list":["post-4382","page","type-page","status-publish","hentry"],"jetpack_sharing_enabled":true,"_links":{"self":[{"href":"https:\/\/chris-photos.be\/index.php\/wp-json\/wp\/v2\/pages\/4382","targetHints":{"allow":["GET"]}}],"collection":[{"href":"https:\/\/chris-photos.be\/index.php\/wp-json\/wp\/v2\/pages"}],"about":[{"href":"https:\/\/chris-photos.be\/index.php\/wp-json\/wp\/v2\/types\/page"}],"author":[{"embeddable":true,"href":"https:\/\/chris-photos.be\/index.php\/wp-json\/wp\/v2\/users\/1"}],"replies":[{"embeddable":true,"href":"https:\/\/chris-photos.be\/index.php\/wp-json\/wp\/v2\/comments?post=4382"}],"version-history":[{"count":65,"href":"https:\/\/chris-photos.be\/index.php\/wp-json\/wp\/v2\/pages\/4382\/revisions"}],"predecessor-version":[{"id":4869,"href":"https:\/\/chris-photos.be\/index.php\/wp-json\/wp\/v2\/pages\/4382\/revisions\/4869"}],"wp:attachment":[{"href":"https:\/\/chris-photos.be\/index.php\/wp-json\/wp\/v2\/media?parent=4382"}],"curies":[{"name":"wp","href":"https:\/\/api.w.org\/{rel}","templated":true}]}}